{"id":10295,"date":"2025-10-20T13:08:26","date_gmt":"2025-10-20T10:08:26","guid":{"rendered":"https:\/\/royalfood.ch\/?post_type=product&#038;p=10295"},"modified":"2025-10-20T13:10:29","modified_gmt":"2025-10-20T10:10:29","slug":"cevapcici-box","status":"publish","type":"product","link":"https:\/\/royalfood.ch\/en\/product\/cevapcici-box\/","title":{"rendered":"Cevapcici box"},"content":{"rendered":"<p>Une box savoureuse de cevapcici grill\u00e9s, servie avec des frites et une sauce au choix.<\/p>","protected":false},"excerpt":{"rendered":"<p>D\u00e9couvrez notre <strong data-start=\"275\" data-end=\"292\">Cevapcici Box<\/strong>, compos\u00e9e de d\u00e9licieux cevapcici \u2014 ces petites saucisses de viande hach\u00e9e grill\u00e9es \u00e0 la perfection \u2014 accompagn\u00e9s de frites croustillantes et d\u2019une sauce au choix.<br data-start=\"455\" data-end=\"458\" \/>Un repas g\u00e9n\u00e9reux, riche en saveurs des Balkans, id\u00e9al pour les amateurs de viande et de grillades.<\/p>","protected":false},"featured_media":0,"comment_status":"open","ping_status":"closed","template":"","meta":[],"product_brand":[191],"product_cat":[183],"product_tag":[],"class_list":{"0":"post-10295","1":"product","2":"type-product","3":"status-publish","5":"product_brand-royal-food","6":"product_cat-kebap","8":"first","9":"instock","10":"shipping-taxable","11":"purchasable","12":"product-type-simple"},"_links":{"self":[{"href":"https:\/\/royalfood.ch\/en\/wp-json\/wp\/v2\/product\/10295","targetHints":{"allow":["GET"]}}],"collection":[{"href":"https:\/\/royalfood.ch\/en\/wp-json\/wp\/v2\/product"}],"about":[{"href":"https:\/\/royalfood.ch\/en\/wp-json\/wp\/v2\/types\/product"}],"replies":[{"embeddable":true,"href":"https:\/\/royalfood.ch\/en\/wp-json\/wp\/v2\/comments?post=10295"}],"wp:attachment":[{"href":"https:\/\/royalfood.ch\/en\/wp-json\/wp\/v2\/media?parent=10295"}],"wp:term":[{"taxonomy":"product_brand","embeddable":true,"href":"https:\/\/royalfood.ch\/en\/wp-json\/wp\/v2\/product_brand?post=10295"},{"taxonomy":"product_cat","embeddable":true,"href":"https:\/\/royalfood.ch\/en\/wp-json\/wp\/v2\/product_cat?post=10295"},{"taxonomy":"product_tag","embeddable":true,"href":"https:\/\/royalfood.ch\/en\/wp-json\/wp\/v2\/product_tag?post=10295"}],"curies":[{"name":"wp","href":"https:\/\/api.w.org\/{rel}","templated":true}]}}