{"id":10294,"date":"2025-10-20T13:06:18","date_gmt":"2025-10-20T10:06:18","guid":{"rendered":"https:\/\/royalfood.ch\/?post_type=product&#038;p=10294"},"modified":"2025-10-25T09:33:35","modified_gmt":"2025-10-25T06:33:35","slug":"calamars-box","status":"publish","type":"product","link":"https:\/\/royalfood.ch\/en\/product\/calamars-box\/","title":{"rendered":"Calamars box"},"content":{"rendered":"<p>Une box gourmande de calamars dor\u00e9s, servie avec des frites et une sauce au choix.<\/p>","protected":false},"excerpt":{"rendered":"<p>Savourez notre <strong data-start=\"269\" data-end=\"285\">Calamars Box<\/strong>, compos\u00e9e de calamars tendres et croustillants, accompagn\u00e9s de frites dor\u00e9es et d\u2019une sauce savoureuse au choix.<br data-start=\"398\" data-end=\"401\" \/>Un repas pratique, plein de fra\u00eecheur et de go\u00fbt, parfait pour les amateurs de fruits de mer.<\/p>","protected":false},"featured_media":0,"comment_status":"open","ping_status":"closed","template":"","meta":[],"product_brand":[191],"product_cat":[183],"product_tag":[],"class_list":{"0":"post-10294","1":"product","2":"type-product","3":"status-publish","5":"product_brand-royal-food","6":"product_cat-kebap","8":"first","9":"instock","10":"shipping-taxable","11":"purchasable","12":"product-type-simple"},"_links":{"self":[{"href":"https:\/\/royalfood.ch\/en\/wp-json\/wp\/v2\/product\/10294","targetHints":{"allow":["GET"]}}],"collection":[{"href":"https:\/\/royalfood.ch\/en\/wp-json\/wp\/v2\/product"}],"about":[{"href":"https:\/\/royalfood.ch\/en\/wp-json\/wp\/v2\/types\/product"}],"replies":[{"embeddable":true,"href":"https:\/\/royalfood.ch\/en\/wp-json\/wp\/v2\/comments?post=10294"}],"wp:attachment":[{"href":"https:\/\/royalfood.ch\/en\/wp-json\/wp\/v2\/media?parent=10294"}],"wp:term":[{"taxonomy":"product_brand","embeddable":true,"href":"https:\/\/royalfood.ch\/en\/wp-json\/wp\/v2\/product_brand?post=10294"},{"taxonomy":"product_cat","embeddable":true,"href":"https:\/\/royalfood.ch\/en\/wp-json\/wp\/v2\/product_cat?post=10294"},{"taxonomy":"product_tag","embeddable":true,"href":"https:\/\/royalfood.ch\/en\/wp-json\/wp\/v2\/product_tag?post=10294"}],"curies":[{"name":"wp","href":"https:\/\/api.w.org\/{rel}","templated":true}]}}