{"id":10291,"date":"2025-10-20T12:53:49","date_gmt":"2025-10-20T09:53:49","guid":{"rendered":"https:\/\/royalfood.ch\/?post_type=product&#038;p=10291"},"modified":"2025-10-20T12:57:42","modified_gmt":"2025-10-20T09:57:42","slug":"doner-box-mixte","status":"publish","type":"product","link":"https:\/\/royalfood.ch\/en\/product\/doner-box-mixte\/","title":{"rendered":"Doner box mixte"},"content":{"rendered":"<p>Une box gourmande m\u00ealant poulet et agneau grill\u00e9s, servie avec des frites et une sauce au choix.<\/p>","protected":false},"excerpt":{"rendered":"<p>Savourez notre <strong data-start=\"288\" data-end=\"307\">Doner Box Mixte<\/strong>, un d\u00e9licieux m\u00e9lange d\u2019agneau et de poulet grill\u00e9s, accompagn\u00e9s de frites dor\u00e9es et d\u2019une sauce savoureuse de votre choix.<br data-start=\"431\" data-end=\"434\" \/>Un repas g\u00e9n\u00e9reux et pratique, parfait pour les amateurs de viande et de saveurs orientales.<br data-start=\"526\" data-end=\"529\" \/>Un \u00e9quilibre parfait entre tendresse, croustillant et gourmandise.<\/p>","protected":false},"featured_media":0,"comment_status":"open","ping_status":"closed","template":"","meta":[],"product_brand":[191],"product_cat":[183],"product_tag":[],"class_list":{"0":"post-10291","1":"product","2":"type-product","3":"status-publish","5":"product_brand-royal-food","6":"product_cat-kebap","8":"first","9":"instock","10":"shipping-taxable","11":"purchasable","12":"product-type-simple"},"_links":{"self":[{"href":"https:\/\/royalfood.ch\/en\/wp-json\/wp\/v2\/product\/10291","targetHints":{"allow":["GET"]}}],"collection":[{"href":"https:\/\/royalfood.ch\/en\/wp-json\/wp\/v2\/product"}],"about":[{"href":"https:\/\/royalfood.ch\/en\/wp-json\/wp\/v2\/types\/product"}],"replies":[{"embeddable":true,"href":"https:\/\/royalfood.ch\/en\/wp-json\/wp\/v2\/comments?post=10291"}],"wp:attachment":[{"href":"https:\/\/royalfood.ch\/en\/wp-json\/wp\/v2\/media?parent=10291"}],"wp:term":[{"taxonomy":"product_brand","embeddable":true,"href":"https:\/\/royalfood.ch\/en\/wp-json\/wp\/v2\/product_brand?post=10291"},{"taxonomy":"product_cat","embeddable":true,"href":"https:\/\/royalfood.ch\/en\/wp-json\/wp\/v2\/product_cat?post=10291"},{"taxonomy":"product_tag","embeddable":true,"href":"https:\/\/royalfood.ch\/en\/wp-json\/wp\/v2\/product_tag?post=10291"}],"curies":[{"name":"wp","href":"https:\/\/api.w.org\/{rel}","templated":true}]}}