{"id":10288,"date":"2025-10-18T22:48:39","date_gmt":"2025-10-18T19:48:39","guid":{"rendered":"https:\/\/royalfood.ch\/?post_type=product&#038;p=10288"},"modified":"2025-10-20T12:06:26","modified_gmt":"2025-10-20T09:06:26","slug":"sandwich-brochette-poulet-grillee","status":"publish","type":"product","link":"https:\/\/royalfood.ch\/en\/product\/sandwich-brochette-poulet-grillee\/","title":{"rendered":"Sandwich brochette poulet grill\u00e9e"},"content":{"rendered":"<p>Un sandwich gourmand garni de brochettes de poulet grill\u00e9es, crudit\u00e9s fra\u00eeches et sauce au choix.<\/p>","protected":false},"excerpt":{"rendered":"<p>D\u00e9couvrez notre <strong data-start=\"309\" data-end=\"349\">Sandwich Brochette de Poulet Grill\u00e9e<\/strong>, pr\u00e9par\u00e9 avec des morceaux de poulet tendres et juteux, grill\u00e9s \u00e0 la perfection.<br data-start=\"430\" data-end=\"433\" \/>Servi dans un pain chaud et moelleux, accompagn\u00e9 de crudit\u00e9s fra\u00eeches et d\u2019une sauce savoureuse au choix.<br data-start=\"538\" data-end=\"541\" \/>Un mariage parfait entre l\u00e9g\u00e8ret\u00e9, fra\u00eecheur et authenticit\u00e9 \u2014 le go\u00fbt du grill dans chaque bouch\u00e9e !<\/p>","protected":false},"featured_media":0,"comment_status":"open","ping_status":"closed","template":"","meta":[],"product_brand":[191],"product_cat":[183],"product_tag":[],"class_list":{"0":"post-10288","1":"product","2":"type-product","3":"status-publish","5":"product_brand-royal-food","6":"product_cat-kebap","8":"first","9":"instock","10":"shipping-taxable","11":"purchasable","12":"product-type-simple"},"_links":{"self":[{"href":"https:\/\/royalfood.ch\/en\/wp-json\/wp\/v2\/product\/10288","targetHints":{"allow":["GET"]}}],"collection":[{"href":"https:\/\/royalfood.ch\/en\/wp-json\/wp\/v2\/product"}],"about":[{"href":"https:\/\/royalfood.ch\/en\/wp-json\/wp\/v2\/types\/product"}],"replies":[{"embeddable":true,"href":"https:\/\/royalfood.ch\/en\/wp-json\/wp\/v2\/comments?post=10288"}],"wp:attachment":[{"href":"https:\/\/royalfood.ch\/en\/wp-json\/wp\/v2\/media?parent=10288"}],"wp:term":[{"taxonomy":"product_brand","embeddable":true,"href":"https:\/\/royalfood.ch\/en\/wp-json\/wp\/v2\/product_brand?post=10288"},{"taxonomy":"product_cat","embeddable":true,"href":"https:\/\/royalfood.ch\/en\/wp-json\/wp\/v2\/product_cat?post=10288"},{"taxonomy":"product_tag","embeddable":true,"href":"https:\/\/royalfood.ch\/en\/wp-json\/wp\/v2\/product_tag?post=10288"}],"curies":[{"name":"wp","href":"https:\/\/api.w.org\/{rel}","templated":true}]}}