{"id":10275,"date":"2025-10-18T22:29:35","date_gmt":"2025-10-18T19:29:35","guid":{"rendered":"https:\/\/royalfood.ch\/?post_type=product&#038;p=10275"},"modified":"2025-10-18T22:30:50","modified_gmt":"2025-10-18T19:30:50","slug":"durum-kebab-xxl-mix","status":"publish","type":"product","link":"https:\/\/royalfood.ch\/en\/product\/durum-kebab-xxl-mix\/","title":{"rendered":"Durum kebab XXL mix"},"content":{"rendered":"<p>Un d\u00fcr\u00fcm gourmand avec un m\u00e9lange savoureux d\u2019agneau et de poulet grill\u00e9s.<\/p>","protected":false},"excerpt":{"rendered":"<p>Un d\u00fcr\u00fcm g\u00e9ant pour les grandes faims!\u00a0<br data-start=\"212\" data-end=\"215\" \/>Pr\u00e9par\u00e9 avec un m\u00e9lange g\u00e9n\u00e9reux d\u2019agneau et de poulet grill\u00e9s, enroul\u00e9 dans un pain chaud et moelleux, accompagn\u00e9 de crudit\u00e9s fra\u00eeches et d\u2019une sauce au choix.<br data-start=\"375\" data-end=\"378\" \/>Un vrai festin plein de go\u00fbt, de fra\u00eecheur et de gourmandise.<\/p>","protected":false},"featured_media":10274,"comment_status":"open","ping_status":"closed","template":"","meta":[],"product_brand":[191],"product_cat":[183],"product_tag":[],"class_list":{"0":"post-10275","1":"product","2":"type-product","3":"status-publish","4":"has-post-thumbnail","6":"product_brand-royal-food","7":"product_cat-kebap","9":"first","10":"instock","11":"shipping-taxable","12":"purchasable","13":"product-type-simple"},"_links":{"self":[{"href":"https:\/\/royalfood.ch\/en\/wp-json\/wp\/v2\/product\/10275","targetHints":{"allow":["GET"]}}],"collection":[{"href":"https:\/\/royalfood.ch\/en\/wp-json\/wp\/v2\/product"}],"about":[{"href":"https:\/\/royalfood.ch\/en\/wp-json\/wp\/v2\/types\/product"}],"replies":[{"embeddable":true,"href":"https:\/\/royalfood.ch\/en\/wp-json\/wp\/v2\/comments?post=10275"}],"wp:featuredmedia":[{"embeddable":true,"href":"https:\/\/royalfood.ch\/en\/wp-json\/wp\/v2\/media\/10274"}],"wp:attachment":[{"href":"https:\/\/royalfood.ch\/en\/wp-json\/wp\/v2\/media?parent=10275"}],"wp:term":[{"taxonomy":"product_brand","embeddable":true,"href":"https:\/\/royalfood.ch\/en\/wp-json\/wp\/v2\/product_brand?post=10275"},{"taxonomy":"product_cat","embeddable":true,"href":"https:\/\/royalfood.ch\/en\/wp-json\/wp\/v2\/product_cat?post=10275"},{"taxonomy":"product_tag","embeddable":true,"href":"https:\/\/royalfood.ch\/en\/wp-json\/wp\/v2\/product_tag?post=10275"}],"curies":[{"name":"wp","href":"https:\/\/api.w.org\/{rel}","templated":true}]}}