{"id":10271,"date":"2025-10-18T22:23:24","date_gmt":"2025-10-18T19:23:24","guid":{"rendered":"https:\/\/royalfood.ch\/?post_type=product&#038;p=10271"},"modified":"2025-10-18T22:23:25","modified_gmt":"2025-10-18T19:23:25","slug":"durum-kebab-agneau","status":"publish","type":"product","link":"https:\/\/royalfood.ch\/en\/product\/durum-kebab-agneau\/","title":{"rendered":"Durum kebab agneau"},"content":{"rendered":"<p>Un d\u00e9licieux d\u00fcr\u00fcm garni d\u2019agneau tendre, enroul\u00e9 dans un pain chaud et moelleux<\/p>","protected":false},"excerpt":{"rendered":"<p>Savourez notre <strong data-start=\"270\" data-end=\"292\">D\u00fcr\u00fcm Kebab Agneau<\/strong>, pr\u00e9par\u00e9 avec de fines tranches d\u2019agneau grill\u00e9, enroul\u00e9es dans un pain chaud et moelleux, accompagn\u00e9es de crudit\u00e9s fra\u00eeches et d\u2019une sauce savoureuse.<br data-start=\"444\" data-end=\"447\" \/>Un repas g\u00e9n\u00e9reux, authentique et plein de go\u00fbt \u2014 la vraie saveur du kebab \u00e0 la turque !<\/p>","protected":false},"featured_media":0,"comment_status":"open","ping_status":"closed","template":"","meta":[],"product_brand":[191],"product_cat":[183],"product_tag":[],"class_list":{"0":"post-10271","1":"product","2":"type-product","3":"status-publish","5":"product_brand-royal-food","6":"product_cat-kebap","8":"first","9":"instock","10":"shipping-taxable","11":"purchasable","12":"product-type-simple"},"_links":{"self":[{"href":"https:\/\/royalfood.ch\/en\/wp-json\/wp\/v2\/product\/10271","targetHints":{"allow":["GET"]}}],"collection":[{"href":"https:\/\/royalfood.ch\/en\/wp-json\/wp\/v2\/product"}],"about":[{"href":"https:\/\/royalfood.ch\/en\/wp-json\/wp\/v2\/types\/product"}],"replies":[{"embeddable":true,"href":"https:\/\/royalfood.ch\/en\/wp-json\/wp\/v2\/comments?post=10271"}],"wp:attachment":[{"href":"https:\/\/royalfood.ch\/en\/wp-json\/wp\/v2\/media?parent=10271"}],"wp:term":[{"taxonomy":"product_brand","embeddable":true,"href":"https:\/\/royalfood.ch\/en\/wp-json\/wp\/v2\/product_brand?post=10271"},{"taxonomy":"product_cat","embeddable":true,"href":"https:\/\/royalfood.ch\/en\/wp-json\/wp\/v2\/product_cat?post=10271"},{"taxonomy":"product_tag","embeddable":true,"href":"https:\/\/royalfood.ch\/en\/wp-json\/wp\/v2\/product_tag?post=10271"}],"curies":[{"name":"wp","href":"https:\/\/api.w.org\/{rel}","templated":true}]}}