{"id":10270,"date":"2025-10-18T22:18:45","date_gmt":"2025-10-18T19:18:45","guid":{"rendered":"https:\/\/royalfood.ch\/?post_type=product&#038;p=10270"},"modified":"2025-10-18T22:19:52","modified_gmt":"2025-10-18T19:19:52","slug":"big-cheeseburger-240g-3","status":"publish","type":"product","link":"https:\/\/royalfood.ch\/en\/product\/big-cheeseburger-240g-3\/","title":{"rendered":"Big cheeseburger (240g)"},"content":{"rendered":"<div class=\"item-details-style_card__fI4sI\" data-qa=\"item-details-card\">\n<div class=\"item-details-style_card-description__3ztM9\">\n<div class=\"_1sMed _1wlHd Yc8ZH _1VvW7 hzg-6\" data-qa=\"flex\">\n<div class=\"rWs5G\" data-qa=\"text\">Pr\u00e9par\u00e9 avec 3 x steaks, fromage, salade, tomates, oignons, ketchup et mayonnaise<\/div>\n<\/div>\n<\/div>\n<\/div>","protected":false},"excerpt":{"rendered":"<p>Un burger triple et ultra gourmand !\u00a0<br data-start=\"214\" data-end=\"217\" \/>Pr\u00e9par\u00e9 avec trois steaks grill\u00e9s de 80 g chacun, du fromage fondant, de la salade croquante, des tomates fra\u00eeches, des oignons, du ketchup et de la mayonnaise.<br data-start=\"377\" data-end=\"380\" \/>Un grand classique g\u00e9n\u00e9reux et savoureux, parfait pour les vrais amateurs de cheeseburgers.<\/p>","protected":false},"featured_media":0,"comment_status":"open","ping_status":"closed","template":"","meta":[],"product_brand":[191],"product_cat":[182],"product_tag":[],"class_list":{"0":"post-10270","1":"product","2":"type-product","3":"status-publish","5":"product_brand-royal-food","6":"product_cat-menu-hamburger","8":"first","9":"outofstock","10":"shipping-taxable","11":"product-type-simple"},"_links":{"self":[{"href":"https:\/\/royalfood.ch\/en\/wp-json\/wp\/v2\/product\/10270","targetHints":{"allow":["GET"]}}],"collection":[{"href":"https:\/\/royalfood.ch\/en\/wp-json\/wp\/v2\/product"}],"about":[{"href":"https:\/\/royalfood.ch\/en\/wp-json\/wp\/v2\/types\/product"}],"replies":[{"embeddable":true,"href":"https:\/\/royalfood.ch\/en\/wp-json\/wp\/v2\/comments?post=10270"}],"wp:attachment":[{"href":"https:\/\/royalfood.ch\/en\/wp-json\/wp\/v2\/media?parent=10270"}],"wp:term":[{"taxonomy":"product_brand","embeddable":true,"href":"https:\/\/royalfood.ch\/en\/wp-json\/wp\/v2\/product_brand?post=10270"},{"taxonomy":"product_cat","embeddable":true,"href":"https:\/\/royalfood.ch\/en\/wp-json\/wp\/v2\/product_cat?post=10270"},{"taxonomy":"product_tag","embeddable":true,"href":"https:\/\/royalfood.ch\/en\/wp-json\/wp\/v2\/product_tag?post=10270"}],"curies":[{"name":"wp","href":"https:\/\/api.w.org\/{rel}","templated":true}]}}