{"id":10265,"date":"2025-10-18T21:47:47","date_gmt":"2025-10-18T18:47:47","guid":{"rendered":"https:\/\/royalfood.ch\/?post_type=product&#038;p=10265"},"modified":"2025-10-18T21:48:47","modified_gmt":"2025-10-18T18:48:47","slug":"route-66-burger-240g","status":"publish","type":"product","link":"https:\/\/royalfood.ch\/en\/product\/route-66-burger-240g\/","title":{"rendered":"Route 66 burger (240g)"},"content":{"rendered":"<p>Pr\u00e9par\u00e9 avec 3 x steaks, salade, oignons grill\u00e9s, champignons grill\u00e9s et une sauce au choix<\/p>","protected":false},"excerpt":{"rendered":"<p>Un burger inspir\u00e9 du style am\u00e9ricain, g\u00e9n\u00e9reux et plein de go\u00fbt !\u00a0<br data-start=\"247\" data-end=\"250\" \/>Pr\u00e9par\u00e9 avec trois steaks grill\u00e9s de 80 g chacun, de la salade croquante, des oignons et des champignons grill\u00e9s, accompagn\u00e9 d\u2019une sauce au choix.<br data-start=\"396\" data-end=\"399\" \/>Un voyage gourmand sur la route de la saveur !<\/p>","protected":false},"featured_media":0,"comment_status":"open","ping_status":"closed","template":"","meta":[],"product_brand":[191],"product_cat":[182],"product_tag":[],"class_list":{"0":"post-10265","1":"product","2":"type-product","3":"status-publish","5":"product_brand-royal-food","6":"product_cat-menu-hamburger","8":"first","9":"instock","10":"shipping-taxable","11":"purchasable","12":"product-type-simple"},"_links":{"self":[{"href":"https:\/\/royalfood.ch\/en\/wp-json\/wp\/v2\/product\/10265","targetHints":{"allow":["GET"]}}],"collection":[{"href":"https:\/\/royalfood.ch\/en\/wp-json\/wp\/v2\/product"}],"about":[{"href":"https:\/\/royalfood.ch\/en\/wp-json\/wp\/v2\/types\/product"}],"replies":[{"embeddable":true,"href":"https:\/\/royalfood.ch\/en\/wp-json\/wp\/v2\/comments?post=10265"}],"wp:attachment":[{"href":"https:\/\/royalfood.ch\/en\/wp-json\/wp\/v2\/media?parent=10265"}],"wp:term":[{"taxonomy":"product_brand","embeddable":true,"href":"https:\/\/royalfood.ch\/en\/wp-json\/wp\/v2\/product_brand?post=10265"},{"taxonomy":"product_cat","embeddable":true,"href":"https:\/\/royalfood.ch\/en\/wp-json\/wp\/v2\/product_cat?post=10265"},{"taxonomy":"product_tag","embeddable":true,"href":"https:\/\/royalfood.ch\/en\/wp-json\/wp\/v2\/product_tag?post=10265"}],"curies":[{"name":"wp","href":"https:\/\/api.w.org\/{rel}","templated":true}]}}