{"id":10264,"date":"2025-10-18T21:46:37","date_gmt":"2025-10-18T18:46:37","guid":{"rendered":"https:\/\/royalfood.ch\/?post_type=product&#038;p=10264"},"modified":"2025-10-18T21:47:30","modified_gmt":"2025-10-18T18:47:30","slug":"burger-torooo-240g","status":"publish","type":"product","link":"https:\/\/royalfood.ch\/en\/product\/burger-torooo-240g\/","title":{"rendered":"Burger torooo (240g)"},"content":{"rendered":"<p>Pr\u00e9par\u00e9 avec 3 x steaks, poivrons, oignons grill\u00e9s, champignons grill\u00e9s, fromage et une sauce au choix<\/p>","protected":false},"excerpt":{"rendered":"<p>Un burger intense et plein de caract\u00e8re !\u00a0<br data-start=\"212\" data-end=\"215\" \/>Pr\u00e9par\u00e9 avec trois steaks grill\u00e9s de 80 g chacun, des poivrons, des oignons et des champignons grill\u00e9s, du fromage fondant et une sauce au choix.<br data-start=\"360\" data-end=\"363\" \/>Une explosion de saveurs pour les amateurs de burgers g\u00e9n\u00e9reux et relev\u00e9s.<\/p>","protected":false},"featured_media":0,"comment_status":"open","ping_status":"closed","template":"","meta":[],"product_brand":[191],"product_cat":[182],"product_tag":[],"class_list":{"0":"post-10264","1":"product","2":"type-product","3":"status-publish","5":"product_brand-royal-food","6":"product_cat-menu-hamburger","8":"first","9":"instock","10":"shipping-taxable","11":"purchasable","12":"product-type-simple"},"_links":{"self":[{"href":"https:\/\/royalfood.ch\/en\/wp-json\/wp\/v2\/product\/10264","targetHints":{"allow":["GET"]}}],"collection":[{"href":"https:\/\/royalfood.ch\/en\/wp-json\/wp\/v2\/product"}],"about":[{"href":"https:\/\/royalfood.ch\/en\/wp-json\/wp\/v2\/types\/product"}],"replies":[{"embeddable":true,"href":"https:\/\/royalfood.ch\/en\/wp-json\/wp\/v2\/comments?post=10264"}],"wp:attachment":[{"href":"https:\/\/royalfood.ch\/en\/wp-json\/wp\/v2\/media?parent=10264"}],"wp:term":[{"taxonomy":"product_brand","embeddable":true,"href":"https:\/\/royalfood.ch\/en\/wp-json\/wp\/v2\/product_brand?post=10264"},{"taxonomy":"product_cat","embeddable":true,"href":"https:\/\/royalfood.ch\/en\/wp-json\/wp\/v2\/product_cat?post=10264"},{"taxonomy":"product_tag","embeddable":true,"href":"https:\/\/royalfood.ch\/en\/wp-json\/wp\/v2\/product_tag?post=10264"}],"curies":[{"name":"wp","href":"https:\/\/api.w.org\/{rel}","templated":true}]}}