{"id":10262,"date":"2025-10-18T21:44:36","date_gmt":"2025-10-18T18:44:36","guid":{"rendered":"https:\/\/royalfood.ch\/?post_type=product&#038;p=10262"},"modified":"2025-10-18T21:45:07","modified_gmt":"2025-10-18T18:45:07","slug":"ling-ling-burger-240g","status":"publish","type":"product","link":"https:\/\/royalfood.ch\/en\/product\/ling-ling-burger-240g\/","title":{"rendered":"Ling-ling burger (240g)"},"content":{"rendered":"<p>Pr\u00e9par\u00e9 avec 3 x steaks, fromage gruy\u00e8re, salade, tomates<\/p>","protected":false},"excerpt":{"rendered":"<p>Un burger g\u00e9n\u00e9reux et plein de saveur !<br data-start=\"202\" data-end=\"205\" \/>Pr\u00e9par\u00e9 avec trois steaks grill\u00e9s de 80 g chacun, du fromage gruy\u00e8re fondant, de la salade croquante et des tomates fra\u00eeches.<br data-start=\"330\" data-end=\"333\" \/>Un classique revisit\u00e9, \u00e0 la fois simple, savoureux et gourmand.<\/p>","protected":false},"featured_media":0,"comment_status":"open","ping_status":"closed","template":"","meta":[],"product_brand":[191],"product_cat":[182],"product_tag":[],"class_list":{"0":"post-10262","1":"product","2":"type-product","3":"status-publish","5":"product_brand-royal-food","6":"product_cat-menu-hamburger","8":"first","9":"instock","10":"shipping-taxable","11":"purchasable","12":"product-type-simple"},"_links":{"self":[{"href":"https:\/\/royalfood.ch\/en\/wp-json\/wp\/v2\/product\/10262","targetHints":{"allow":["GET"]}}],"collection":[{"href":"https:\/\/royalfood.ch\/en\/wp-json\/wp\/v2\/product"}],"about":[{"href":"https:\/\/royalfood.ch\/en\/wp-json\/wp\/v2\/types\/product"}],"replies":[{"embeddable":true,"href":"https:\/\/royalfood.ch\/en\/wp-json\/wp\/v2\/comments?post=10262"}],"wp:attachment":[{"href":"https:\/\/royalfood.ch\/en\/wp-json\/wp\/v2\/media?parent=10262"}],"wp:term":[{"taxonomy":"product_brand","embeddable":true,"href":"https:\/\/royalfood.ch\/en\/wp-json\/wp\/v2\/product_brand?post=10262"},{"taxonomy":"product_cat","embeddable":true,"href":"https:\/\/royalfood.ch\/en\/wp-json\/wp\/v2\/product_cat?post=10262"},{"taxonomy":"product_tag","embeddable":true,"href":"https:\/\/royalfood.ch\/en\/wp-json\/wp\/v2\/product_tag?post=10262"}],"curies":[{"name":"wp","href":"https:\/\/api.w.org\/{rel}","templated":true}]}}