{"id":10261,"date":"2025-10-18T21:43:07","date_gmt":"2025-10-18T18:43:07","guid":{"rendered":"https:\/\/royalfood.ch\/?post_type=product&#038;p=10261"},"modified":"2025-10-18T21:43:54","modified_gmt":"2025-10-18T18:43:54","slug":"milano-burger-240g","status":"publish","type":"product","link":"https:\/\/royalfood.ch\/en\/product\/milano-burger-240g\/","title":{"rendered":"Milano burger (240g)"},"content":{"rendered":"<p>Pr\u00e9par\u00e9 avec 3 x steaks, tomates, mozzarella, basilic et huile d&rsquo;olive<\/p>","protected":false},"excerpt":{"rendered":"<p>Un burger aux saveurs italiennes, \u00e9l\u00e9gant et plein de caract\u00e8re. \ud83c\uddee\ud83c\uddf9<br data-start=\"233\" data-end=\"236\" \/>Pr\u00e9par\u00e9 avec trois steaks grill\u00e9s de 80 g chacun, des tomates fra\u00eeches, de la mozzarella fondante, du basilic et un filet d\u2019huile d\u2019olive.<br data-start=\"374\" data-end=\"377\" \/>Un m\u00e9lange raffin\u00e9 entre authenticit\u00e9 et gourmandise \u2014 l\u2019Italie dans un burger!<\/p>","protected":false},"featured_media":0,"comment_status":"open","ping_status":"closed","template":"","meta":[],"product_brand":[191],"product_cat":[182],"product_tag":[],"class_list":{"0":"post-10261","1":"product","2":"type-product","3":"status-publish","5":"product_brand-royal-food","6":"product_cat-menu-hamburger","8":"first","9":"instock","10":"shipping-taxable","11":"purchasable","12":"product-type-simple"},"_links":{"self":[{"href":"https:\/\/royalfood.ch\/en\/wp-json\/wp\/v2\/product\/10261","targetHints":{"allow":["GET"]}}],"collection":[{"href":"https:\/\/royalfood.ch\/en\/wp-json\/wp\/v2\/product"}],"about":[{"href":"https:\/\/royalfood.ch\/en\/wp-json\/wp\/v2\/types\/product"}],"replies":[{"embeddable":true,"href":"https:\/\/royalfood.ch\/en\/wp-json\/wp\/v2\/comments?post=10261"}],"wp:attachment":[{"href":"https:\/\/royalfood.ch\/en\/wp-json\/wp\/v2\/media?parent=10261"}],"wp:term":[{"taxonomy":"product_brand","embeddable":true,"href":"https:\/\/royalfood.ch\/en\/wp-json\/wp\/v2\/product_brand?post=10261"},{"taxonomy":"product_cat","embeddable":true,"href":"https:\/\/royalfood.ch\/en\/wp-json\/wp\/v2\/product_cat?post=10261"},{"taxonomy":"product_tag","embeddable":true,"href":"https:\/\/royalfood.ch\/en\/wp-json\/wp\/v2\/product_tag?post=10261"}],"curies":[{"name":"wp","href":"https:\/\/api.w.org\/{rel}","templated":true}]}}