{"id":10260,"date":"2025-10-18T21:41:03","date_gmt":"2025-10-18T18:41:03","guid":{"rendered":"https:\/\/royalfood.ch\/?post_type=product&#038;p=10260"},"modified":"2025-10-18T21:42:21","modified_gmt":"2025-10-18T18:42:21","slug":"ronaldo-burger-240g","status":"publish","type":"product","link":"https:\/\/royalfood.ch\/en\/product\/ronaldo-burger-240g\/","title":{"rendered":"Ronaldo burger (240g)"},"content":{"rendered":"<p>Pr\u00e9par\u00e9 avec 3 x steaks, salade et sauce a l&rsquo;ail<\/p>","protected":false},"excerpt":{"rendered":"<p>Un burger puissant et plein d\u2019\u00e9nergie, \u00e0 l\u2019image d\u2019une l\u00e9gende !\u00a0<br data-start=\"233\" data-end=\"236\" \/>Pr\u00e9par\u00e9 avec trois steaks grill\u00e9s de 80 g chacun, de la salade croquante et une savoureuse sauce \u00e0 l\u2019ail.<br data-start=\"341\" data-end=\"344\" \/>Un go\u00fbt intense et g\u00e9n\u00e9reux pour les vrais champions de l\u2019app\u00e9tit.<\/p>","protected":false},"featured_media":0,"comment_status":"open","ping_status":"closed","template":"","meta":[],"product_brand":[191],"product_cat":[182],"product_tag":[],"class_list":{"0":"post-10260","1":"product","2":"type-product","3":"status-publish","5":"product_brand-royal-food","6":"product_cat-menu-hamburger","8":"first","9":"instock","10":"shipping-taxable","11":"purchasable","12":"product-type-simple"},"_links":{"self":[{"href":"https:\/\/royalfood.ch\/en\/wp-json\/wp\/v2\/product\/10260","targetHints":{"allow":["GET"]}}],"collection":[{"href":"https:\/\/royalfood.ch\/en\/wp-json\/wp\/v2\/product"}],"about":[{"href":"https:\/\/royalfood.ch\/en\/wp-json\/wp\/v2\/types\/product"}],"replies":[{"embeddable":true,"href":"https:\/\/royalfood.ch\/en\/wp-json\/wp\/v2\/comments?post=10260"}],"wp:attachment":[{"href":"https:\/\/royalfood.ch\/en\/wp-json\/wp\/v2\/media?parent=10260"}],"wp:term":[{"taxonomy":"product_brand","embeddable":true,"href":"https:\/\/royalfood.ch\/en\/wp-json\/wp\/v2\/product_brand?post=10260"},{"taxonomy":"product_cat","embeddable":true,"href":"https:\/\/royalfood.ch\/en\/wp-json\/wp\/v2\/product_cat?post=10260"},{"taxonomy":"product_tag","embeddable":true,"href":"https:\/\/royalfood.ch\/en\/wp-json\/wp\/v2\/product_tag?post=10260"}],"curies":[{"name":"wp","href":"https:\/\/api.w.org\/{rel}","templated":true}]}}