{"id":10259,"date":"2025-10-18T21:39:30","date_gmt":"2025-10-18T18:39:30","guid":{"rendered":"https:\/\/royalfood.ch\/?post_type=product&#038;p=10259"},"modified":"2025-10-18T21:40:41","modified_gmt":"2025-10-18T18:40:41","slug":"classic-burger-240g","status":"publish","type":"product","link":"https:\/\/royalfood.ch\/en\/product\/classic-burger-240g\/","title":{"rendered":"Classic burger (240g)"},"content":{"rendered":"<p>Pr\u00e9par\u00e9 avec 3 x steaks, ketchup, mayonnaise, salade, oignons grill\u00e9s et tomates<\/p>","protected":false},"excerpt":{"rendered":"<p>Un burger triple \u00e0 la fois simple et savoureux.<br data-start=\"205\" data-end=\"208\" \/>Pr\u00e9par\u00e9 avec trois steaks grill\u00e9s de 80 g chacun, de la salade croquante, des oignons grill\u00e9s, des tomates fra\u00eeches, du ketchup et de la mayonnaise.<br data-start=\"356\" data-end=\"359\" \/>Un incontournable pour les amateurs de burgers authentiques et g\u00e9n\u00e9reux.<\/p>","protected":false},"featured_media":0,"comment_status":"open","ping_status":"closed","template":"","meta":[],"product_brand":[191],"product_cat":[182],"product_tag":[],"class_list":{"0":"post-10259","1":"product","2":"type-product","3":"status-publish","5":"product_brand-royal-food","6":"product_cat-menu-hamburger","8":"first","9":"instock","10":"shipping-taxable","11":"purchasable","12":"product-type-simple"},"_links":{"self":[{"href":"https:\/\/royalfood.ch\/en\/wp-json\/wp\/v2\/product\/10259","targetHints":{"allow":["GET"]}}],"collection":[{"href":"https:\/\/royalfood.ch\/en\/wp-json\/wp\/v2\/product"}],"about":[{"href":"https:\/\/royalfood.ch\/en\/wp-json\/wp\/v2\/types\/product"}],"replies":[{"embeddable":true,"href":"https:\/\/royalfood.ch\/en\/wp-json\/wp\/v2\/comments?post=10259"}],"wp:attachment":[{"href":"https:\/\/royalfood.ch\/en\/wp-json\/wp\/v2\/media?parent=10259"}],"wp:term":[{"taxonomy":"product_brand","embeddable":true,"href":"https:\/\/royalfood.ch\/en\/wp-json\/wp\/v2\/product_brand?post=10259"},{"taxonomy":"product_cat","embeddable":true,"href":"https:\/\/royalfood.ch\/en\/wp-json\/wp\/v2\/product_cat?post=10259"},{"taxonomy":"product_tag","embeddable":true,"href":"https:\/\/royalfood.ch\/en\/wp-json\/wp\/v2\/product_tag?post=10259"}],"curies":[{"name":"wp","href":"https:\/\/api.w.org\/{rel}","templated":true}]}}