{"id":10258,"date":"2025-10-18T21:37:30","date_gmt":"2025-10-18T18:37:30","guid":{"rendered":"https:\/\/royalfood.ch\/?post_type=product&#038;p=10258"},"modified":"2025-10-18T21:38:24","modified_gmt":"2025-10-18T18:38:24","slug":"big-burger-240g","status":"publish","type":"product","link":"https:\/\/royalfood.ch\/en\/product\/big-burger-240g\/","title":{"rendered":"Big burger (240g)"},"content":{"rendered":"<p>Pr\u00e9par\u00e9 avec 3 x steaks, salade, tomates, oignons, ketchup et mayonnaise<\/p>","protected":false},"excerpt":{"rendered":"<p>Un burger triple pour un maximum de plaisir !<br data-start=\"197\" data-end=\"200\" \/>Pr\u00e9par\u00e9 avec trois steaks grill\u00e9s de 80 g chacun, de la salade croquante, des tomates fra\u00eeches et des oignons, accompagn\u00e9 de ketchup et de mayonnaise.<br data-start=\"350\" data-end=\"353\" \/>Un grand classique, g\u00e9n\u00e9reux et plein de go\u00fbt \u2014 id\u00e9al pour les vrais amateurs de burgers.<\/p>","protected":false},"featured_media":0,"comment_status":"open","ping_status":"closed","template":"","meta":[],"product_brand":[191],"product_cat":[182],"product_tag":[],"class_list":{"0":"post-10258","1":"product","2":"type-product","3":"status-publish","5":"product_brand-royal-food","6":"product_cat-menu-hamburger","8":"first","9":"instock","10":"shipping-taxable","11":"purchasable","12":"product-type-simple"},"_links":{"self":[{"href":"https:\/\/royalfood.ch\/en\/wp-json\/wp\/v2\/product\/10258","targetHints":{"allow":["GET"]}}],"collection":[{"href":"https:\/\/royalfood.ch\/en\/wp-json\/wp\/v2\/product"}],"about":[{"href":"https:\/\/royalfood.ch\/en\/wp-json\/wp\/v2\/types\/product"}],"replies":[{"embeddable":true,"href":"https:\/\/royalfood.ch\/en\/wp-json\/wp\/v2\/comments?post=10258"}],"wp:attachment":[{"href":"https:\/\/royalfood.ch\/en\/wp-json\/wp\/v2\/media?parent=10258"}],"wp:term":[{"taxonomy":"product_brand","embeddable":true,"href":"https:\/\/royalfood.ch\/en\/wp-json\/wp\/v2\/product_brand?post=10258"},{"taxonomy":"product_cat","embeddable":true,"href":"https:\/\/royalfood.ch\/en\/wp-json\/wp\/v2\/product_cat?post=10258"},{"taxonomy":"product_tag","embeddable":true,"href":"https:\/\/royalfood.ch\/en\/wp-json\/wp\/v2\/product_tag?post=10258"}],"curies":[{"name":"wp","href":"https:\/\/api.w.org\/{rel}","templated":true}]}}