{"id":10246,"date":"2025-10-18T21:20:52","date_gmt":"2025-10-18T18:20:52","guid":{"rendered":"https:\/\/royalfood.ch\/?post_type=product&#038;p=10246"},"modified":"2025-10-18T21:21:55","modified_gmt":"2025-10-18T18:21:55","slug":"oassis-burger-160g","status":"publish","type":"product","link":"https:\/\/royalfood.ch\/en\/product\/oassis-burger-160g\/","title":{"rendered":"Oassis burger (160g)"},"content":{"rendered":"<p>Pr\u00e9par\u00e9 avec 2 x steaks, oeuf, fromage, salade, tomates, oignons, ketchup et mayonnaise<\/p>","protected":false},"excerpt":{"rendered":"<p>Un burger raffin\u00e9 aux saveurs uniques.<br data-start=\"207\" data-end=\"210\" \/>Pr\u00e9par\u00e9 avec deux steaks grill\u00e9s de 80 g chacun, du fromage gorgonzola fondant, de la roquette fra\u00eeche et des oignons grill\u00e9s.<br data-start=\"336\" data-end=\"339\" \/>Une cr\u00e9ation gourmande au go\u00fbt intense, parfaite pour les amateurs de burgers d\u2019exception.<\/p>","protected":false},"featured_media":0,"comment_status":"open","ping_status":"closed","template":"","meta":[],"product_brand":[191],"product_cat":[182],"product_tag":[],"class_list":{"0":"post-10246","1":"product","2":"type-product","3":"status-publish","5":"product_brand-royal-food","6":"product_cat-menu-hamburger","8":"first","9":"instock","10":"shipping-taxable","11":"purchasable","12":"product-type-simple"},"_links":{"self":[{"href":"https:\/\/royalfood.ch\/en\/wp-json\/wp\/v2\/product\/10246","targetHints":{"allow":["GET"]}}],"collection":[{"href":"https:\/\/royalfood.ch\/en\/wp-json\/wp\/v2\/product"}],"about":[{"href":"https:\/\/royalfood.ch\/en\/wp-json\/wp\/v2\/types\/product"}],"replies":[{"embeddable":true,"href":"https:\/\/royalfood.ch\/en\/wp-json\/wp\/v2\/comments?post=10246"}],"wp:attachment":[{"href":"https:\/\/royalfood.ch\/en\/wp-json\/wp\/v2\/media?parent=10246"}],"wp:term":[{"taxonomy":"product_brand","embeddable":true,"href":"https:\/\/royalfood.ch\/en\/wp-json\/wp\/v2\/product_brand?post=10246"},{"taxonomy":"product_cat","embeddable":true,"href":"https:\/\/royalfood.ch\/en\/wp-json\/wp\/v2\/product_cat?post=10246"},{"taxonomy":"product_tag","embeddable":true,"href":"https:\/\/royalfood.ch\/en\/wp-json\/wp\/v2\/product_tag?post=10246"}],"curies":[{"name":"wp","href":"https:\/\/api.w.org\/{rel}","templated":true}]}}