{"id":10242,"date":"2025-10-18T21:13:41","date_gmt":"2025-10-18T18:13:41","guid":{"rendered":"https:\/\/royalfood.ch\/?post_type=product&#038;p=10242"},"modified":"2025-10-18T21:14:41","modified_gmt":"2025-10-18T18:14:41","slug":"mega-burger-320g","status":"publish","type":"product","link":"https:\/\/royalfood.ch\/en\/product\/mega-burger-320g\/","title":{"rendered":"Mega Burger (320g)"},"content":{"rendered":"<p>Pr\u00e9par\u00e9 avec 4 x steaks, , salade, tomates, oignons, ketchup et mayonnaise<\/p>","protected":false},"excerpt":{"rendered":"<p>Le burger des vrais gourmands !<br data-start=\"187\" data-end=\"190\" \/>Pr\u00e9par\u00e9 avec quatre steaks grill\u00e9s de 80 g chacun, de la salade croquante, des tomates fra\u00eeches, des oignons, du ketchup et de la mayonnaise.<br data-start=\"331\" data-end=\"334\" \/>Un format XXL pour une explosion de saveurs et une faim combl\u00e9e !<\/p>","protected":false},"featured_media":0,"comment_status":"open","ping_status":"closed","template":"","meta":[],"product_brand":[191],"product_cat":[182],"product_tag":[],"class_list":{"0":"post-10242","1":"product","2":"type-product","3":"status-publish","5":"product_brand-royal-food","6":"product_cat-menu-hamburger","8":"first","9":"instock","10":"shipping-taxable","11":"purchasable","12":"product-type-simple"},"_links":{"self":[{"href":"https:\/\/royalfood.ch\/en\/wp-json\/wp\/v2\/product\/10242","targetHints":{"allow":["GET"]}}],"collection":[{"href":"https:\/\/royalfood.ch\/en\/wp-json\/wp\/v2\/product"}],"about":[{"href":"https:\/\/royalfood.ch\/en\/wp-json\/wp\/v2\/types\/product"}],"replies":[{"embeddable":true,"href":"https:\/\/royalfood.ch\/en\/wp-json\/wp\/v2\/comments?post=10242"}],"wp:attachment":[{"href":"https:\/\/royalfood.ch\/en\/wp-json\/wp\/v2\/media?parent=10242"}],"wp:term":[{"taxonomy":"product_brand","embeddable":true,"href":"https:\/\/royalfood.ch\/en\/wp-json\/wp\/v2\/product_brand?post=10242"},{"taxonomy":"product_cat","embeddable":true,"href":"https:\/\/royalfood.ch\/en\/wp-json\/wp\/v2\/product_cat?post=10242"},{"taxonomy":"product_tag","embeddable":true,"href":"https:\/\/royalfood.ch\/en\/wp-json\/wp\/v2\/product_tag?post=10242"}],"curies":[{"name":"wp","href":"https:\/\/api.w.org\/{rel}","templated":true}]}}