{"id":10237,"date":"2025-10-18T21:03:05","date_gmt":"2025-10-18T18:03:05","guid":{"rendered":"https:\/\/royalfood.ch\/?post_type=product&#038;p=10237"},"modified":"2025-10-18T21:04:37","modified_gmt":"2025-10-18T18:04:37","slug":"double-big-burger-160g-2","status":"publish","type":"product","link":"https:\/\/royalfood.ch\/en\/product\/double-big-burger-160g-2\/","title":{"rendered":"Double Big Burger (160g)"},"content":{"rendered":"<p>Pr\u00e9par\u00e9 avec 2 x steaks, oeuf, salade, tomates, oignons, ketchup et mayonnaise<\/p>","protected":false},"excerpt":{"rendered":"<p>Deux steaks juteux de 80 g chacun, garnis d\u2019un \u0153uf, de salade croquante, de tomates fra\u00eeches et d\u2019oignons, le tout relev\u00e9 de ketchup et de mayonnaise.<br data-start=\"325\" data-end=\"328\" \/>Un burger XXL, g\u00e9n\u00e9reux et plein de go\u00fbt \u2014 id\u00e9al pour les vrais gourmands!<\/p>","protected":false},"featured_media":0,"comment_status":"open","ping_status":"closed","template":"","meta":[],"product_brand":[191],"product_cat":[182],"product_tag":[],"class_list":{"0":"post-10237","1":"product","2":"type-product","3":"status-publish","5":"product_brand-royal-food","6":"product_cat-menu-hamburger","8":"first","9":"instock","10":"shipping-taxable","11":"purchasable","12":"product-type-simple"},"_links":{"self":[{"href":"https:\/\/royalfood.ch\/en\/wp-json\/wp\/v2\/product\/10237","targetHints":{"allow":["GET"]}}],"collection":[{"href":"https:\/\/royalfood.ch\/en\/wp-json\/wp\/v2\/product"}],"about":[{"href":"https:\/\/royalfood.ch\/en\/wp-json\/wp\/v2\/types\/product"}],"replies":[{"embeddable":true,"href":"https:\/\/royalfood.ch\/en\/wp-json\/wp\/v2\/comments?post=10237"}],"wp:attachment":[{"href":"https:\/\/royalfood.ch\/en\/wp-json\/wp\/v2\/media?parent=10237"}],"wp:term":[{"taxonomy":"product_brand","embeddable":true,"href":"https:\/\/royalfood.ch\/en\/wp-json\/wp\/v2\/product_brand?post=10237"},{"taxonomy":"product_cat","embeddable":true,"href":"https:\/\/royalfood.ch\/en\/wp-json\/wp\/v2\/product_cat?post=10237"},{"taxonomy":"product_tag","embeddable":true,"href":"https:\/\/royalfood.ch\/en\/wp-json\/wp\/v2\/product_tag?post=10237"}],"curies":[{"name":"wp","href":"https:\/\/api.w.org\/{rel}","templated":true}]}}