{"id":10235,"date":"2025-10-18T21:00:15","date_gmt":"2025-10-18T18:00:15","guid":{"rendered":"https:\/\/royalfood.ch\/?post_type=product&#038;p=10235"},"modified":"2025-10-18T21:01:24","modified_gmt":"2025-10-18T18:01:24","slug":"cheeseburger-80g-2","status":"publish","type":"product","link":"https:\/\/royalfood.ch\/en\/product\/cheeseburger-80g-2\/","title":{"rendered":"Cheeseburger (80g)"},"content":{"rendered":"<p>Pr\u00e9par\u00e9 avec 1 x steaks, salade, tomates, oignons, ketchup et mayonnaise<\/p>","protected":false},"excerpt":{"rendered":"<p>Un burger classique rehauss\u00e9 d\u2019une touche de fromage fondant.<br data-start=\"227\" data-end=\"230\" \/>Pr\u00e9par\u00e9 avec un steak grill\u00e9 de 80 g, de la salade croquante, des tomates fra\u00eeches, des oignons, du ketchup et de la mayonnaise.<br data-start=\"358\" data-end=\"361\" \/>Un \u00e9quilibre parfait entre simplicit\u00e9 et gourmandise.<\/p>","protected":false},"featured_media":0,"comment_status":"open","ping_status":"closed","template":"","meta":[],"product_brand":[191],"product_cat":[182],"product_tag":[],"class_list":{"0":"post-10235","1":"product","2":"type-product","3":"status-publish","5":"product_brand-royal-food","6":"product_cat-menu-hamburger","8":"first","9":"instock","10":"shipping-taxable","11":"purchasable","12":"product-type-simple"},"_links":{"self":[{"href":"https:\/\/royalfood.ch\/en\/wp-json\/wp\/v2\/product\/10235","targetHints":{"allow":["GET"]}}],"collection":[{"href":"https:\/\/royalfood.ch\/en\/wp-json\/wp\/v2\/product"}],"about":[{"href":"https:\/\/royalfood.ch\/en\/wp-json\/wp\/v2\/types\/product"}],"replies":[{"embeddable":true,"href":"https:\/\/royalfood.ch\/en\/wp-json\/wp\/v2\/comments?post=10235"}],"wp:attachment":[{"href":"https:\/\/royalfood.ch\/en\/wp-json\/wp\/v2\/media?parent=10235"}],"wp:term":[{"taxonomy":"product_brand","embeddable":true,"href":"https:\/\/royalfood.ch\/en\/wp-json\/wp\/v2\/product_brand?post=10235"},{"taxonomy":"product_cat","embeddable":true,"href":"https:\/\/royalfood.ch\/en\/wp-json\/wp\/v2\/product_cat?post=10235"},{"taxonomy":"product_tag","embeddable":true,"href":"https:\/\/royalfood.ch\/en\/wp-json\/wp\/v2\/product_tag?post=10235"}],"curies":[{"name":"wp","href":"https:\/\/api.w.org\/{rel}","templated":true}]}}