{"id":10234,"date":"2025-10-18T21:00:05","date_gmt":"2025-10-18T18:00:05","guid":{"rendered":"https:\/\/royalfood.ch\/?post_type=product&#038;p=10234"},"modified":"2025-10-18T21:00:06","modified_gmt":"2025-10-18T18:00:06","slug":"burger-80g","status":"publish","type":"product","link":"https:\/\/royalfood.ch\/en\/product\/burger-80g\/","title":{"rendered":"Burger (80g)"},"content":{"rendered":"<p>Pr\u00e9par\u00e9 avec 1 x steaks 80g, salade, tomates, oignons, ketchup et mayonnaise<\/p>","protected":false},"excerpt":{"rendered":"<p>Un burger classique pr\u00e9par\u00e9 avec un steak grill\u00e9 de 80 g, de la salade croquante, des tomates fra\u00eeches, des oignons, du ketchup et de la mayonnaise.<br data-start=\"291\" data-end=\"294\" \/>Simple, savoureux et toujours irr\u00e9sistible \u2014 le plaisir du burger \u00e0 l\u2019\u00e9tat pur!<\/p>","protected":false},"featured_media":0,"comment_status":"open","ping_status":"closed","template":"","meta":[],"product_brand":[191],"product_cat":[182],"product_tag":[],"class_list":{"0":"post-10234","1":"product","2":"type-product","3":"status-publish","5":"product_brand-royal-food","6":"product_cat-menu-hamburger","8":"first","9":"instock","10":"shipping-taxable","11":"purchasable","12":"product-type-simple"},"_links":{"self":[{"href":"https:\/\/royalfood.ch\/en\/wp-json\/wp\/v2\/product\/10234","targetHints":{"allow":["GET"]}}],"collection":[{"href":"https:\/\/royalfood.ch\/en\/wp-json\/wp\/v2\/product"}],"about":[{"href":"https:\/\/royalfood.ch\/en\/wp-json\/wp\/v2\/types\/product"}],"replies":[{"embeddable":true,"href":"https:\/\/royalfood.ch\/en\/wp-json\/wp\/v2\/comments?post=10234"}],"wp:attachment":[{"href":"https:\/\/royalfood.ch\/en\/wp-json\/wp\/v2\/media?parent=10234"}],"wp:term":[{"taxonomy":"product_brand","embeddable":true,"href":"https:\/\/royalfood.ch\/en\/wp-json\/wp\/v2\/product_brand?post=10234"},{"taxonomy":"product_cat","embeddable":true,"href":"https:\/\/royalfood.ch\/en\/wp-json\/wp\/v2\/product_cat?post=10234"},{"taxonomy":"product_tag","embeddable":true,"href":"https:\/\/royalfood.ch\/en\/wp-json\/wp\/v2\/product_tag?post=10234"}],"curies":[{"name":"wp","href":"https:\/\/api.w.org\/{rel}","templated":true}]}}