{"id":10228,"date":"2025-10-18T20:52:12","date_gmt":"2025-10-18T17:52:12","guid":{"rendered":"https:\/\/royalfood.ch\/?post_type=product&#038;p=10228"},"modified":"2025-10-18T20:53:12","modified_gmt":"2025-10-18T17:53:12","slug":"burger-falafel","status":"publish","type":"product","link":"https:\/\/royalfood.ch\/en\/product\/burger-falafel\/","title":{"rendered":"Burger Falafel"},"content":{"rendered":"<p>Pr\u00e9par\u00e9 avec salade, tomates et oignons<\/p>","protected":false},"excerpt":{"rendered":"<p>Un burger v\u00e9g\u00e9tarien plein de saveurs, pr\u00e9par\u00e9 avec des falafels dor\u00e9s, de la salade croquante, des tomates fra\u00eeches et des oignons.<br data-start=\"284\" data-end=\"287\" \/>Une alternative l\u00e9g\u00e8re, saine et d\u00e9licieuse, id\u00e9ale pour tous les amateurs de go\u00fbt.<\/p>","protected":false},"featured_media":0,"comment_status":"open","ping_status":"closed","template":"","meta":[],"product_brand":[191],"product_cat":[181],"product_tag":[],"class_list":{"0":"post-10228","1":"product","2":"type-product","3":"status-publish","5":"product_brand-royal-food","6":"product_cat-burger","8":"first","9":"instock","10":"shipping-taxable","11":"purchasable","12":"product-type-simple"},"_links":{"self":[{"href":"https:\/\/royalfood.ch\/en\/wp-json\/wp\/v2\/product\/10228","targetHints":{"allow":["GET"]}}],"collection":[{"href":"https:\/\/royalfood.ch\/en\/wp-json\/wp\/v2\/product"}],"about":[{"href":"https:\/\/royalfood.ch\/en\/wp-json\/wp\/v2\/types\/product"}],"replies":[{"embeddable":true,"href":"https:\/\/royalfood.ch\/en\/wp-json\/wp\/v2\/comments?post=10228"}],"wp:attachment":[{"href":"https:\/\/royalfood.ch\/en\/wp-json\/wp\/v2\/media?parent=10228"}],"wp:term":[{"taxonomy":"product_brand","embeddable":true,"href":"https:\/\/royalfood.ch\/en\/wp-json\/wp\/v2\/product_brand?post=10228"},{"taxonomy":"product_cat","embeddable":true,"href":"https:\/\/royalfood.ch\/en\/wp-json\/wp\/v2\/product_cat?post=10228"},{"taxonomy":"product_tag","embeddable":true,"href":"https:\/\/royalfood.ch\/en\/wp-json\/wp\/v2\/product_tag?post=10228"}],"curies":[{"name":"wp","href":"https:\/\/api.w.org\/{rel}","templated":true}]}}