{"id":10226,"date":"2025-10-18T20:49:52","date_gmt":"2025-10-18T17:49:52","guid":{"rendered":"https:\/\/royalfood.ch\/?post_type=product&#038;p=10226"},"modified":"2025-10-18T20:51:47","modified_gmt":"2025-10-18T17:51:47","slug":"burger","status":"publish","type":"product","link":"https:\/\/royalfood.ch\/en\/product\/burger\/","title":{"rendered":"Hamburger (80g)"},"content":{"rendered":"<p>Pr\u00e9par\u00e9 avec 1 x steak, salade, tomates, oignons, ketchup et mayonnaise<\/p>","protected":false},"excerpt":{"rendered":"<p>Un burger classique et savoureux, pr\u00e9par\u00e9 avec un steak grill\u00e9, de la salade croquante, des tomates fra\u00eeches, des oignons, du ketchup et de la mayonnaise.<br data-start=\"302\" data-end=\"305\" \/>Un incontournable, simple et d\u00e9licieux, parfait \u00e0 tout moment de la journ\u00e9e.<\/p>","protected":false},"featured_media":0,"comment_status":"open","ping_status":"closed","template":"","meta":[],"product_brand":[191],"product_cat":[181],"product_tag":[],"class_list":{"0":"post-10226","1":"product","2":"type-product","3":"status-publish","5":"product_brand-royal-food","6":"product_cat-burger","8":"first","9":"instock","10":"shipping-taxable","11":"purchasable","12":"product-type-simple"},"_links":{"self":[{"href":"https:\/\/royalfood.ch\/en\/wp-json\/wp\/v2\/product\/10226","targetHints":{"allow":["GET"]}}],"collection":[{"href":"https:\/\/royalfood.ch\/en\/wp-json\/wp\/v2\/product"}],"about":[{"href":"https:\/\/royalfood.ch\/en\/wp-json\/wp\/v2\/types\/product"}],"replies":[{"embeddable":true,"href":"https:\/\/royalfood.ch\/en\/wp-json\/wp\/v2\/comments?post=10226"}],"wp:attachment":[{"href":"https:\/\/royalfood.ch\/en\/wp-json\/wp\/v2\/media?parent=10226"}],"wp:term":[{"taxonomy":"product_brand","embeddable":true,"href":"https:\/\/royalfood.ch\/en\/wp-json\/wp\/v2\/product_brand?post=10226"},{"taxonomy":"product_cat","embeddable":true,"href":"https:\/\/royalfood.ch\/en\/wp-json\/wp\/v2\/product_cat?post=10226"},{"taxonomy":"product_tag","embeddable":true,"href":"https:\/\/royalfood.ch\/en\/wp-json\/wp\/v2\/product_tag?post=10226"}],"curies":[{"name":"wp","href":"https:\/\/api.w.org\/{rel}","templated":true}]}}