{"id":10224,"date":"2025-10-18T20:45:56","date_gmt":"2025-10-18T17:45:56","guid":{"rendered":"https:\/\/royalfood.ch\/?post_type=product&#038;p=10224"},"modified":"2025-10-18T20:46:43","modified_gmt":"2025-10-18T17:46:43","slug":"assiette-nuggets","status":"publish","type":"product","link":"https:\/\/royalfood.ch\/en\/product\/assiette-nuggets\/","title":{"rendered":"Assiette nuggets"},"content":{"rendered":"<p>Servi avec frites et salade<\/p>","protected":false},"excerpt":{"rendered":"<p>Des nuggets de poulet croustillants \u00e0 l\u2019ext\u00e9rieur et tendres \u00e0 l\u2019int\u00e9rieur, servis avec des frites dor\u00e9es et une salade fra\u00eeche.<br data-start=\"288\" data-end=\"291\" \/>Un plat simple, gourmand et appr\u00e9ci\u00e9 de tous \u2014 petits et grands!<\/p>","protected":false},"featured_media":0,"comment_status":"open","ping_status":"closed","template":"","meta":[],"product_brand":[191],"product_cat":[176],"product_tag":[],"class_list":{"0":"post-10224","1":"product","2":"type-product","3":"status-publish","5":"product_brand-royal-food","6":"product_cat-les-assiettes","8":"first","9":"instock","10":"shipping-taxable","11":"purchasable","12":"product-type-simple"},"_links":{"self":[{"href":"https:\/\/royalfood.ch\/en\/wp-json\/wp\/v2\/product\/10224","targetHints":{"allow":["GET"]}}],"collection":[{"href":"https:\/\/royalfood.ch\/en\/wp-json\/wp\/v2\/product"}],"about":[{"href":"https:\/\/royalfood.ch\/en\/wp-json\/wp\/v2\/types\/product"}],"replies":[{"embeddable":true,"href":"https:\/\/royalfood.ch\/en\/wp-json\/wp\/v2\/comments?post=10224"}],"wp:attachment":[{"href":"https:\/\/royalfood.ch\/en\/wp-json\/wp\/v2\/media?parent=10224"}],"wp:term":[{"taxonomy":"product_brand","embeddable":true,"href":"https:\/\/royalfood.ch\/en\/wp-json\/wp\/v2\/product_brand?post=10224"},{"taxonomy":"product_cat","embeddable":true,"href":"https:\/\/royalfood.ch\/en\/wp-json\/wp\/v2\/product_cat?post=10224"},{"taxonomy":"product_tag","embeddable":true,"href":"https:\/\/royalfood.ch\/en\/wp-json\/wp\/v2\/product_tag?post=10224"}],"curies":[{"name":"wp","href":"https:\/\/api.w.org\/{rel}","templated":true}]}}