{"id":10222,"date":"2025-10-18T20:42:54","date_gmt":"2025-10-18T17:42:54","guid":{"rendered":"https:\/\/royalfood.ch\/?post_type=product&#038;p=10222"},"modified":"2025-10-18T20:43:36","modified_gmt":"2025-10-18T17:43:36","slug":"assiette-falafel-avec-une-steaks-burger-vegetarien","status":"publish","type":"product","link":"https:\/\/royalfood.ch\/en\/product\/assiette-falafel-avec-une-steaks-burger-vegetarien\/","title":{"rendered":"Assiette Falafel avec une steaks Burger v\u00e9g\u00e9tarien"},"content":{"rendered":"<p>Servi avec frites et salade<\/p>","protected":false},"excerpt":{"rendered":"<p>Une assiette 100 % v\u00e9g\u00e9tarienne, savoureuse et \u00e9quilibr\u00e9e.<br data-start=\"280\" data-end=\"283\" \/>Compos\u00e9e de falafels croustillants et d\u2019un steak burger v\u00e9g\u00e9tarien tendre et parfum\u00e9, servie avec des frites dor\u00e9es et une salade fra\u00eeche.<br data-start=\"421\" data-end=\"424\" \/>Un plaisir gourmand, sans viande mais plein de go\u00fbt!<\/p>","protected":false},"featured_media":0,"comment_status":"open","ping_status":"closed","template":"","meta":[],"product_brand":[191],"product_cat":[176],"product_tag":[],"class_list":{"0":"post-10222","1":"product","2":"type-product","3":"status-publish","5":"product_brand-royal-food","6":"product_cat-les-assiettes","8":"first","9":"instock","10":"shipping-taxable","11":"purchasable","12":"product-type-simple"},"_links":{"self":[{"href":"https:\/\/royalfood.ch\/en\/wp-json\/wp\/v2\/product\/10222","targetHints":{"allow":["GET"]}}],"collection":[{"href":"https:\/\/royalfood.ch\/en\/wp-json\/wp\/v2\/product"}],"about":[{"href":"https:\/\/royalfood.ch\/en\/wp-json\/wp\/v2\/types\/product"}],"replies":[{"embeddable":true,"href":"https:\/\/royalfood.ch\/en\/wp-json\/wp\/v2\/comments?post=10222"}],"wp:attachment":[{"href":"https:\/\/royalfood.ch\/en\/wp-json\/wp\/v2\/media?parent=10222"}],"wp:term":[{"taxonomy":"product_brand","embeddable":true,"href":"https:\/\/royalfood.ch\/en\/wp-json\/wp\/v2\/product_brand?post=10222"},{"taxonomy":"product_cat","embeddable":true,"href":"https:\/\/royalfood.ch\/en\/wp-json\/wp\/v2\/product_cat?post=10222"},{"taxonomy":"product_tag","embeddable":true,"href":"https:\/\/royalfood.ch\/en\/wp-json\/wp\/v2\/product_tag?post=10222"}],"curies":[{"name":"wp","href":"https:\/\/api.w.org\/{rel}","templated":true}]}}