{"id":10220,"date":"2025-10-18T20:38:57","date_gmt":"2025-10-18T17:38:57","guid":{"rendered":"https:\/\/royalfood.ch\/?post_type=product&#038;p=10220"},"modified":"2025-10-18T20:42:13","modified_gmt":"2025-10-18T17:42:13","slug":"assiette-grillades-mixte","status":"publish","type":"product","link":"https:\/\/royalfood.ch\/en\/product\/assiette-grillades-mixte\/","title":{"rendered":"Assiette grillades mixte"},"content":{"rendered":"<p>Servi avec frites et salade<\/p>","protected":false},"excerpt":{"rendered":"<p>Un assortiment g\u00e9n\u00e9reux de viandes grill\u00e9es \u2014 agneau, poulet et b\u0153uf \u2014 accompagn\u00e9 de frites croustillantes et d\u2019une salade fra\u00eeche et color\u00e9e.<br data-start=\"323\" data-end=\"326\" \/>Un plat complet, savoureux et plein de caract\u00e8re, pour les vrais amateurs de grillades.<\/p>","protected":false},"featured_media":10221,"comment_status":"open","ping_status":"closed","template":"","meta":[],"product_brand":[191],"product_cat":[176],"product_tag":[],"class_list":{"0":"post-10220","1":"product","2":"type-product","3":"status-publish","4":"has-post-thumbnail","6":"product_brand-royal-food","7":"product_cat-les-assiettes","9":"first","10":"instock","11":"shipping-taxable","12":"purchasable","13":"product-type-simple"},"_links":{"self":[{"href":"https:\/\/royalfood.ch\/en\/wp-json\/wp\/v2\/product\/10220","targetHints":{"allow":["GET"]}}],"collection":[{"href":"https:\/\/royalfood.ch\/en\/wp-json\/wp\/v2\/product"}],"about":[{"href":"https:\/\/royalfood.ch\/en\/wp-json\/wp\/v2\/types\/product"}],"replies":[{"embeddable":true,"href":"https:\/\/royalfood.ch\/en\/wp-json\/wp\/v2\/comments?post=10220"}],"wp:featuredmedia":[{"embeddable":true,"href":"https:\/\/royalfood.ch\/en\/wp-json\/wp\/v2\/media\/10221"}],"wp:attachment":[{"href":"https:\/\/royalfood.ch\/en\/wp-json\/wp\/v2\/media?parent=10220"}],"wp:term":[{"taxonomy":"product_brand","embeddable":true,"href":"https:\/\/royalfood.ch\/en\/wp-json\/wp\/v2\/product_brand?post=10220"},{"taxonomy":"product_cat","embeddable":true,"href":"https:\/\/royalfood.ch\/en\/wp-json\/wp\/v2\/product_cat?post=10220"},{"taxonomy":"product_tag","embeddable":true,"href":"https:\/\/royalfood.ch\/en\/wp-json\/wp\/v2\/product_tag?post=10220"}],"curies":[{"name":"wp","href":"https:\/\/api.w.org\/{rel}","templated":true}]}}