{"id":10214,"date":"2025-10-18T20:30:40","date_gmt":"2025-10-18T17:30:40","guid":{"rendered":"https:\/\/royalfood.ch\/?post_type=product&#038;p=10214"},"modified":"2025-10-18T20:31:31","modified_gmt":"2025-10-18T17:31:31","slug":"assiette-falafel","status":"publish","type":"product","link":"https:\/\/royalfood.ch\/en\/product\/assiette-falafel\/","title":{"rendered":"Assiette falafel"},"content":{"rendered":"<p>Servi avec frites et salade<\/p>","protected":false},"excerpt":{"rendered":"<p>De d\u00e9licieux falafels dor\u00e9s et croustillants, servis avec des frites ou du riz et une salade fra\u00eeche.<br data-start=\"258\" data-end=\"261\" \/>Un plat v\u00e9g\u00e9tarien plein de saveur et de fra\u00eecheur, parfait pour une pause saine et gourmande.<\/p>","protected":false},"featured_media":0,"comment_status":"open","ping_status":"closed","template":"","meta":[],"product_brand":[191],"product_cat":[176],"product_tag":[],"class_list":{"0":"post-10214","1":"product","2":"type-product","3":"status-publish","5":"product_brand-royal-food","6":"product_cat-les-assiettes","8":"first","9":"instock","10":"shipping-taxable","11":"purchasable","12":"product-type-simple"},"_links":{"self":[{"href":"https:\/\/royalfood.ch\/en\/wp-json\/wp\/v2\/product\/10214","targetHints":{"allow":["GET"]}}],"collection":[{"href":"https:\/\/royalfood.ch\/en\/wp-json\/wp\/v2\/product"}],"about":[{"href":"https:\/\/royalfood.ch\/en\/wp-json\/wp\/v2\/types\/product"}],"replies":[{"embeddable":true,"href":"https:\/\/royalfood.ch\/en\/wp-json\/wp\/v2\/comments?post=10214"}],"wp:attachment":[{"href":"https:\/\/royalfood.ch\/en\/wp-json\/wp\/v2\/media?parent=10214"}],"wp:term":[{"taxonomy":"product_brand","embeddable":true,"href":"https:\/\/royalfood.ch\/en\/wp-json\/wp\/v2\/product_brand?post=10214"},{"taxonomy":"product_cat","embeddable":true,"href":"https:\/\/royalfood.ch\/en\/wp-json\/wp\/v2\/product_cat?post=10214"},{"taxonomy":"product_tag","embeddable":true,"href":"https:\/\/royalfood.ch\/en\/wp-json\/wp\/v2\/product_tag?post=10214"}],"curies":[{"name":"wp","href":"https:\/\/api.w.org\/{rel}","templated":true}]}}