{"id":10209,"date":"2025-10-18T19:53:09","date_gmt":"2025-10-18T16:53:09","guid":{"rendered":"https:\/\/royalfood.ch\/?post_type=product&#038;p=10209"},"modified":"2025-10-18T19:53:42","modified_gmt":"2025-10-18T16:53:42","slug":"assiette-kebab-poulet","status":"publish","type":"product","link":"https:\/\/royalfood.ch\/en\/product\/assiette-kebab-poulet\/","title":{"rendered":"Assiette kebab poulet"},"content":{"rendered":"<p>Servi avec frites et salade<\/p>","protected":false},"excerpt":{"rendered":"<p>Des tranches de poulet marin\u00e9es et grill\u00e9es \u00e0 la perfection, servies avec des frites croustillantes et une salade fra\u00eeche.<br data-start=\"297\" data-end=\"300\" \/>Un plat complet, savoureux et plein de g\u00e9n\u00e9rosit\u00e9 \u2014 le kebab comme on l\u2019aime!<\/p>","protected":false},"featured_media":0,"comment_status":"open","ping_status":"closed","template":"","meta":[],"product_brand":[191],"product_cat":[176],"product_tag":[],"class_list":{"0":"post-10209","1":"product","2":"type-product","3":"status-publish","5":"product_brand-royal-food","6":"product_cat-les-assiettes","8":"first","9":"instock","10":"shipping-taxable","11":"purchasable","12":"product-type-simple"},"_links":{"self":[{"href":"https:\/\/royalfood.ch\/en\/wp-json\/wp\/v2\/product\/10209","targetHints":{"allow":["GET"]}}],"collection":[{"href":"https:\/\/royalfood.ch\/en\/wp-json\/wp\/v2\/product"}],"about":[{"href":"https:\/\/royalfood.ch\/en\/wp-json\/wp\/v2\/types\/product"}],"replies":[{"embeddable":true,"href":"https:\/\/royalfood.ch\/en\/wp-json\/wp\/v2\/comments?post=10209"}],"wp:attachment":[{"href":"https:\/\/royalfood.ch\/en\/wp-json\/wp\/v2\/media?parent=10209"}],"wp:term":[{"taxonomy":"product_brand","embeddable":true,"href":"https:\/\/royalfood.ch\/en\/wp-json\/wp\/v2\/product_brand?post=10209"},{"taxonomy":"product_cat","embeddable":true,"href":"https:\/\/royalfood.ch\/en\/wp-json\/wp\/v2\/product_cat?post=10209"},{"taxonomy":"product_tag","embeddable":true,"href":"https:\/\/royalfood.ch\/en\/wp-json\/wp\/v2\/product_tag?post=10209"}],"curies":[{"name":"wp","href":"https:\/\/api.w.org\/{rel}","templated":true}]}}