{"id":10207,"date":"2025-10-18T19:52:31","date_gmt":"2025-10-18T16:52:31","guid":{"rendered":"https:\/\/royalfood.ch\/?post_type=product&#038;p=10207"},"modified":"2025-10-18T19:52:31","modified_gmt":"2025-10-18T16:52:31","slug":"assiette-kebab-agneau","status":"publish","type":"product","link":"https:\/\/royalfood.ch\/en\/product\/assiette-kebab-agneau\/","title":{"rendered":"Assiette kebab agneau"},"content":{"rendered":"<p>Servi avec frites et salade<\/p>","protected":false},"excerpt":{"rendered":"<p>Une assiette g\u00e9n\u00e9reuse et savoureuse, compos\u00e9e de tranches d\u2019agneau tendre et parfum\u00e9.<br data-start=\"267\" data-end=\"270\" \/>Servie avec des frites croustillantes et une salade fra\u00eeche et color\u00e9e.<br data-start=\"341\" data-end=\"344\" \/>Un classique incontournable pour les amateurs de viande grill\u00e9e.<\/p>","protected":false},"featured_media":10208,"comment_status":"open","ping_status":"closed","template":"","meta":[],"product_brand":[191],"product_cat":[176],"product_tag":[],"class_list":{"0":"post-10207","1":"product","2":"type-product","3":"status-publish","4":"has-post-thumbnail","6":"product_brand-royal-food","7":"product_cat-les-assiettes","9":"first","10":"instock","11":"shipping-taxable","12":"purchasable","13":"product-type-simple"},"_links":{"self":[{"href":"https:\/\/royalfood.ch\/en\/wp-json\/wp\/v2\/product\/10207","targetHints":{"allow":["GET"]}}],"collection":[{"href":"https:\/\/royalfood.ch\/en\/wp-json\/wp\/v2\/product"}],"about":[{"href":"https:\/\/royalfood.ch\/en\/wp-json\/wp\/v2\/types\/product"}],"replies":[{"embeddable":true,"href":"https:\/\/royalfood.ch\/en\/wp-json\/wp\/v2\/comments?post=10207"}],"wp:featuredmedia":[{"embeddable":true,"href":"https:\/\/royalfood.ch\/en\/wp-json\/wp\/v2\/media\/10208"}],"wp:attachment":[{"href":"https:\/\/royalfood.ch\/en\/wp-json\/wp\/v2\/media?parent=10207"}],"wp:term":[{"taxonomy":"product_brand","embeddable":true,"href":"https:\/\/royalfood.ch\/en\/wp-json\/wp\/v2\/product_brand?post=10207"},{"taxonomy":"product_cat","embeddable":true,"href":"https:\/\/royalfood.ch\/en\/wp-json\/wp\/v2\/product_cat?post=10207"},{"taxonomy":"product_tag","embeddable":true,"href":"https:\/\/royalfood.ch\/en\/wp-json\/wp\/v2\/product_tag?post=10207"}],"curies":[{"name":"wp","href":"https:\/\/api.w.org\/{rel}","templated":true}]}}