{"id":10206,"date":"2025-10-18T19:47:43","date_gmt":"2025-10-18T16:47:43","guid":{"rendered":"https:\/\/royalfood.ch\/?post_type=product&#038;p=10206"},"modified":"2025-10-18T19:48:14","modified_gmt":"2025-10-18T16:48:14","slug":"gnocchi-sorrentina","status":"publish","type":"product","link":"https:\/\/royalfood.ch\/en\/product\/gnocchi-sorrentina\/","title":{"rendered":"Gnocchi Sorrentina"},"content":{"rendered":"<p>Des gnocchis gratin\u00e9s \u00e0 la sauce tomate et mozzarella fondante.<\/p>","protected":false},"excerpt":{"rendered":"<p data-start=\"151\" data-end=\"430\">Inspir\u00e9s de la tradition napolitaine, nos gnocchis Sorrentina sont servis avec une sauce tomate maison, de la mozzarella fondante et une touche de basilic frais.<br data-start=\"1151\" data-end=\"1154\" \/>Un plat g\u00e9n\u00e9reux, ensoleill\u00e9 et plein de caract\u00e8re.<\/p>","protected":false},"featured_media":0,"comment_status":"open","ping_status":"closed","template":"","meta":[],"product_brand":[191],"product_cat":[180],"product_tag":[],"class_list":{"0":"post-10206","1":"product","2":"type-product","3":"status-publish","5":"product_brand-royal-food","6":"product_cat-cuisine-francaise","8":"first","9":"outofstock","10":"shipping-taxable","11":"product-type-simple"},"_links":{"self":[{"href":"https:\/\/royalfood.ch\/en\/wp-json\/wp\/v2\/product\/10206","targetHints":{"allow":["GET"]}}],"collection":[{"href":"https:\/\/royalfood.ch\/en\/wp-json\/wp\/v2\/product"}],"about":[{"href":"https:\/\/royalfood.ch\/en\/wp-json\/wp\/v2\/types\/product"}],"replies":[{"embeddable":true,"href":"https:\/\/royalfood.ch\/en\/wp-json\/wp\/v2\/comments?post=10206"}],"wp:attachment":[{"href":"https:\/\/royalfood.ch\/en\/wp-json\/wp\/v2\/media?parent=10206"}],"wp:term":[{"taxonomy":"product_brand","embeddable":true,"href":"https:\/\/royalfood.ch\/en\/wp-json\/wp\/v2\/product_brand?post=10206"},{"taxonomy":"product_cat","embeddable":true,"href":"https:\/\/royalfood.ch\/en\/wp-json\/wp\/v2\/product_cat?post=10206"},{"taxonomy":"product_tag","embeddable":true,"href":"https:\/\/royalfood.ch\/en\/wp-json\/wp\/v2\/product_tag?post=10206"}],"curies":[{"name":"wp","href":"https:\/\/api.w.org\/{rel}","templated":true}]}}