{"id":10204,"date":"2025-10-18T19:45:44","date_gmt":"2025-10-18T16:45:44","guid":{"rendered":"https:\/\/royalfood.ch\/?post_type=product&#038;p=10204"},"modified":"2025-10-18T19:46:37","modified_gmt":"2025-10-18T16:46:37","slug":"gnocchi-pesto","status":"publish","type":"product","link":"https:\/\/royalfood.ch\/en\/product\/gnocchi-pesto\/","title":{"rendered":"Gnocchi Pesto"},"content":{"rendered":"<p>Des gnocchis moelleux napp\u00e9s d\u2019un pesto frais et parfum\u00e9.<\/p>","protected":false},"excerpt":{"rendered":"<p data-start=\"151\" data-end=\"430\">Savourez nos gnocchis maison enrob\u00e9s d\u2019un pesto au basilic frais, relev\u00e9 d\u2019une touche d\u2019ail et de parmesan.<br data-start=\"360\" data-end=\"363\" \/>Un plat italien authentique, plein de fra\u00eecheur et de go\u00fbt, parfait pour les amateurs de saveurs m\u00e9diterran\u00e9ennes.<\/p>","protected":false},"featured_media":0,"comment_status":"open","ping_status":"closed","template":"","meta":[],"product_brand":[191],"product_cat":[180],"product_tag":[],"class_list":{"0":"post-10204","1":"product","2":"type-product","3":"status-publish","5":"product_brand-royal-food","6":"product_cat-cuisine-francaise","8":"first","9":"outofstock","10":"shipping-taxable","11":"product-type-simple"},"_links":{"self":[{"href":"https:\/\/royalfood.ch\/en\/wp-json\/wp\/v2\/product\/10204","targetHints":{"allow":["GET"]}}],"collection":[{"href":"https:\/\/royalfood.ch\/en\/wp-json\/wp\/v2\/product"}],"about":[{"href":"https:\/\/royalfood.ch\/en\/wp-json\/wp\/v2\/types\/product"}],"replies":[{"embeddable":true,"href":"https:\/\/royalfood.ch\/en\/wp-json\/wp\/v2\/comments?post=10204"}],"wp:attachment":[{"href":"https:\/\/royalfood.ch\/en\/wp-json\/wp\/v2\/media?parent=10204"}],"wp:term":[{"taxonomy":"product_brand","embeddable":true,"href":"https:\/\/royalfood.ch\/en\/wp-json\/wp\/v2\/product_brand?post=10204"},{"taxonomy":"product_cat","embeddable":true,"href":"https:\/\/royalfood.ch\/en\/wp-json\/wp\/v2\/product_cat?post=10204"},{"taxonomy":"product_tag","embeddable":true,"href":"https:\/\/royalfood.ch\/en\/wp-json\/wp\/v2\/product_tag?post=10204"}],"curies":[{"name":"wp","href":"https:\/\/api.w.org\/{rel}","templated":true}]}}