{"id":10203,"date":"2025-10-18T19:43:22","date_gmt":"2025-10-18T16:43:22","guid":{"rendered":"https:\/\/royalfood.ch\/?post_type=product&#038;p=10203"},"modified":"2025-10-18T19:45:38","modified_gmt":"2025-10-18T16:45:38","slug":"gambas-curry","status":"publish","type":"product","link":"https:\/\/royalfood.ch\/en\/product\/gambas-curry\/","title":{"rendered":"Gambas curry"},"content":{"rendered":"<p>Servi avec frites ou riz et petite salade m\u00eal\u00e9e<\/p>","protected":false},"excerpt":{"rendered":"<p data-start=\"151\" data-end=\"430\">Un plat raffin\u00e9 et plein d\u2019exotisme !\u00a0<br data-start=\"191\" data-end=\"194\" \/>De d\u00e9licieuses gambas mijot\u00e9es dans une sauce curry onctueuse et parfum\u00e9e, servies avec des frites dor\u00e9es ou du riz, accompagn\u00e9es d\u2019une petite salade m\u00eal\u00e9e fra\u00eeche.<br data-start=\"358\" data-end=\"361\" \/>Une explosion de saveurs pour les amateurs de fruits de mer.<\/p>","protected":false},"featured_media":0,"comment_status":"open","ping_status":"closed","template":"","meta":[],"product_brand":[191],"product_cat":[180],"product_tag":[],"class_list":{"0":"post-10203","1":"product","2":"type-product","3":"status-publish","5":"product_brand-royal-food","6":"product_cat-cuisine-francaise","8":"first","9":"instock","10":"shipping-taxable","11":"purchasable","12":"product-type-simple"},"_links":{"self":[{"href":"https:\/\/royalfood.ch\/en\/wp-json\/wp\/v2\/product\/10203","targetHints":{"allow":["GET"]}}],"collection":[{"href":"https:\/\/royalfood.ch\/en\/wp-json\/wp\/v2\/product"}],"about":[{"href":"https:\/\/royalfood.ch\/en\/wp-json\/wp\/v2\/types\/product"}],"replies":[{"embeddable":true,"href":"https:\/\/royalfood.ch\/en\/wp-json\/wp\/v2\/comments?post=10203"}],"wp:attachment":[{"href":"https:\/\/royalfood.ch\/en\/wp-json\/wp\/v2\/media?parent=10203"}],"wp:term":[{"taxonomy":"product_brand","embeddable":true,"href":"https:\/\/royalfood.ch\/en\/wp-json\/wp\/v2\/product_brand?post=10203"},{"taxonomy":"product_cat","embeddable":true,"href":"https:\/\/royalfood.ch\/en\/wp-json\/wp\/v2\/product_cat?post=10203"},{"taxonomy":"product_tag","embeddable":true,"href":"https:\/\/royalfood.ch\/en\/wp-json\/wp\/v2\/product_tag?post=10203"}],"curies":[{"name":"wp","href":"https:\/\/api.w.org\/{rel}","templated":true}]}}