{"id":10200,"date":"2025-10-18T19:38:13","date_gmt":"2025-10-18T16:38:13","guid":{"rendered":"https:\/\/royalfood.ch\/?post_type=product&#038;p=10200"},"modified":"2025-10-18T19:39:37","modified_gmt":"2025-10-18T16:39:37","slug":"entrecote-de-boeuf-sauce-cafe-de-paris-200g","status":"publish","type":"product","link":"https:\/\/royalfood.ch\/en\/product\/entrecote-de-boeuf-sauce-cafe-de-paris-200g\/","title":{"rendered":"Entrec\u00f4te de boeuf sauce caf\u00e9 de paris (200g)"},"content":{"rendered":"<p>Servi avec frites ou riz et petite salade m\u00eal\u00e9e<\/p>","protected":false},"excerpt":{"rendered":"<p>Une pi\u00e8ce tendre et savoureuse, napp\u00e9e de la c\u00e9l\u00e8bre sauce Caf\u00e9 de Paris.<br data-start=\"287\" data-end=\"290\" \/>Servie avec des frites dor\u00e9es ou du riz, accompagn\u00e9e d\u2019une petite salade m\u00eal\u00e9e fra\u00eeche.<br data-start=\"377\" data-end=\"380\" \/>Un grand classique de la cuisine suisse, alliant \u00e9l\u00e9gance, go\u00fbt et g\u00e9n\u00e9rosit\u00e9.<\/p>","protected":false},"featured_media":0,"comment_status":"open","ping_status":"closed","template":"","meta":[],"product_brand":[191],"product_cat":[180],"product_tag":[],"class_list":{"0":"post-10200","1":"product","2":"type-product","3":"status-publish","5":"product_brand-royal-food","6":"product_cat-cuisine-francaise","8":"first","9":"instock","10":"shipping-taxable","11":"purchasable","12":"product-type-simple"},"_links":{"self":[{"href":"https:\/\/royalfood.ch\/en\/wp-json\/wp\/v2\/product\/10200","targetHints":{"allow":["GET"]}}],"collection":[{"href":"https:\/\/royalfood.ch\/en\/wp-json\/wp\/v2\/product"}],"about":[{"href":"https:\/\/royalfood.ch\/en\/wp-json\/wp\/v2\/types\/product"}],"replies":[{"embeddable":true,"href":"https:\/\/royalfood.ch\/en\/wp-json\/wp\/v2\/comments?post=10200"}],"wp:attachment":[{"href":"https:\/\/royalfood.ch\/en\/wp-json\/wp\/v2\/media?parent=10200"}],"wp:term":[{"taxonomy":"product_brand","embeddable":true,"href":"https:\/\/royalfood.ch\/en\/wp-json\/wp\/v2\/product_brand?post=10200"},{"taxonomy":"product_cat","embeddable":true,"href":"https:\/\/royalfood.ch\/en\/wp-json\/wp\/v2\/product_cat?post=10200"},{"taxonomy":"product_tag","embeddable":true,"href":"https:\/\/royalfood.ch\/en\/wp-json\/wp\/v2\/product_tag?post=10200"}],"curies":[{"name":"wp","href":"https:\/\/api.w.org\/{rel}","templated":true}]}}