{"id":10196,"date":"2025-10-18T19:31:29","date_gmt":"2025-10-18T16:31:29","guid":{"rendered":"https:\/\/royalfood.ch\/?post_type=product&#038;p=10196"},"modified":"2025-10-18T19:32:41","modified_gmt":"2025-10-18T16:32:41","slug":"tacos-pates-bowl-avec-pate-melange-de-sauce-fromagere","status":"publish","type":"product","link":"https:\/\/royalfood.ch\/en\/product\/tacos-pates-bowl-avec-pate-melange-de-sauce-fromagere\/","title":{"rendered":"Tacos( P\u00e2tes) Bowl avec p\u00e2te m\u00e9lange de sauce fromag\u00e9re"},"content":{"rendered":"<p data-start=\"354\" data-end=\"477\">Servi avec 3 fois de viande aux choix, sauces et p\u00e2tes m\u00e9lange de sauce fromage maison<\/p>","protected":false},"excerpt":{"rendered":"<p data-start=\"227\" data-end=\"352\">Une cr\u00e9ation originale et ultra gourmande!<br data-start=\"208\" data-end=\"211\" \/>Servi avec trois viandes au choix, des p\u00e2tes napp\u00e9es d\u2019une onctueuse sauce fromag\u00e8re maison et vos sauces pr\u00e9f\u00e9r\u00e9es.<br data-start=\"327\" data-end=\"330\" \/>Un m\u00e9lange fondant et savoureux qui r\u00e9invente le tacos sous une forme unique et irr\u00e9sistible.<\/p>","protected":false},"featured_media":0,"comment_status":"closed","ping_status":"closed","template":"","meta":[],"product_brand":[191],"product_cat":[179],"product_tag":[],"class_list":{"0":"post-10196","1":"product","2":"type-product","3":"status-publish","5":"product_brand-royal-food","6":"product_cat-tacos","8":"first","9":"instock","10":"shipping-taxable","11":"purchasable","12":"product-type-simple"},"_links":{"self":[{"href":"https:\/\/royalfood.ch\/en\/wp-json\/wp\/v2\/product\/10196","targetHints":{"allow":["GET"]}}],"collection":[{"href":"https:\/\/royalfood.ch\/en\/wp-json\/wp\/v2\/product"}],"about":[{"href":"https:\/\/royalfood.ch\/en\/wp-json\/wp\/v2\/types\/product"}],"replies":[{"embeddable":true,"href":"https:\/\/royalfood.ch\/en\/wp-json\/wp\/v2\/comments?post=10196"}],"wp:attachment":[{"href":"https:\/\/royalfood.ch\/en\/wp-json\/wp\/v2\/media?parent=10196"}],"wp:term":[{"taxonomy":"product_brand","embeddable":true,"href":"https:\/\/royalfood.ch\/en\/wp-json\/wp\/v2\/product_brand?post=10196"},{"taxonomy":"product_cat","embeddable":true,"href":"https:\/\/royalfood.ch\/en\/wp-json\/wp\/v2\/product_cat?post=10196"},{"taxonomy":"product_tag","embeddable":true,"href":"https:\/\/royalfood.ch\/en\/wp-json\/wp\/v2\/product_tag?post=10196"}],"curies":[{"name":"wp","href":"https:\/\/api.w.org\/{rel}","templated":true}]}}