{"id":10157,"date":"2025-09-21T04:19:54","date_gmt":"2025-09-21T01:19:54","guid":{"rendered":"https:\/\/royalfood.ch\/?post_type=product&#038;p=10157"},"modified":"2025-10-18T19:29:05","modified_gmt":"2025-10-18T16:29:05","slug":"tacos-l","status":"publish","type":"product","link":"https:\/\/royalfood.ch\/en\/product\/tacos-l\/","title":{"rendered":"Tacos L"},"content":{"rendered":"<p data-start=\"354\" data-end=\"477\">D\u00e9couvrez le tacos L g\u00e9n\u00e9reux, parfait \u00e9quilibre entre viande, sauce onctueuse et fromage fondant.<\/p>\n<div id=\"gtx-trans\" style=\"position: absolute; left: -86px; top: -1.10156px;\">\n<div class=\"gtx-trans-icon\"><\/div>\n<\/div>","protected":false},"excerpt":{"rendered":"<p data-start=\"227\" data-end=\"352\">D\u00e9couvrez notre Tacos L, un format g\u00e9n\u00e9reux pour les grandes faims!<br data-start=\"211\" data-end=\"214\" \/>Un parfait \u00e9quilibre entre une viande savoureuse, une sauce onctueuse et du fromage fondant.<br data-start=\"306\" data-end=\"309\" \/>Un plaisir gourmand qui allie go\u00fbt, texture et satisfaction \u00e0 chaque bouch\u00e9e.<\/p>","protected":false},"featured_media":10160,"comment_status":"closed","ping_status":"closed","template":"","meta":[],"product_brand":[191],"product_cat":[179],"product_tag":[],"class_list":{"0":"post-10157","1":"product","2":"type-product","3":"status-publish","4":"has-post-thumbnail","6":"product_brand-royal-food","7":"product_cat-tacos","9":"first","10":"instock","11":"shipping-taxable","12":"purchasable","13":"product-type-simple"},"_links":{"self":[{"href":"https:\/\/royalfood.ch\/en\/wp-json\/wp\/v2\/product\/10157","targetHints":{"allow":["GET"]}}],"collection":[{"href":"https:\/\/royalfood.ch\/en\/wp-json\/wp\/v2\/product"}],"about":[{"href":"https:\/\/royalfood.ch\/en\/wp-json\/wp\/v2\/types\/product"}],"replies":[{"embeddable":true,"href":"https:\/\/royalfood.ch\/en\/wp-json\/wp\/v2\/comments?post=10157"}],"wp:featuredmedia":[{"embeddable":true,"href":"https:\/\/royalfood.ch\/en\/wp-json\/wp\/v2\/media\/10160"}],"wp:attachment":[{"href":"https:\/\/royalfood.ch\/en\/wp-json\/wp\/v2\/media?parent=10157"}],"wp:term":[{"taxonomy":"product_brand","embeddable":true,"href":"https:\/\/royalfood.ch\/en\/wp-json\/wp\/v2\/product_brand?post=10157"},{"taxonomy":"product_cat","embeddable":true,"href":"https:\/\/royalfood.ch\/en\/wp-json\/wp\/v2\/product_cat?post=10157"},{"taxonomy":"product_tag","embeddable":true,"href":"https:\/\/royalfood.ch\/en\/wp-json\/wp\/v2\/product_tag?post=10157"}],"curies":[{"name":"wp","href":"https:\/\/api.w.org\/{rel}","templated":true}]}}